{"id":2,"date":"2016-05-10T03:48:21","date_gmt":"2016-05-10T03:48:21","guid":{"rendered":"http:\/\/djk-wat-rehasport.de\/?page_id=2"},"modified":"2025-04-07T08:28:02","modified_gmt":"2025-04-07T08:28:02","slug":"sample-page","status":"publish","type":"page","link":"https:\/\/djk-wat-rehasport.de\/","title":{"rendered":"REHA Sport in Bochum"},"content":{"rendered":"\n<div style=\"height:24px\" aria-hidden=\"true\" class=\"wp-block-spacer\"><\/div>\n\n\n\n<h1 class=\"wp-block-heading has-text-align-center has-large-font-size\"><span style=\"font-size: xx-large;\"><strong>Unser Verein <br>DJK Wattenscheid e.V.<\/strong><\/span><br>Abteilung Breitensport<span style=\"font-size: xx-large;\"><strong><br>bietet zahlreiche Kurse <br>im REHA Sport an.<\/strong> <\/span><\/h1>\n\n\n\n<p class=\"has-text-align-center\" style=\"line-height:1.3\"><span style=\"font-size: xx-large;\"><span style=\"color: #000000;\">Die Kurse finden w\u00f6chentlich <br>in Gruppen statt <\/span><\/span><br><span style=\"font-size: xx-large;\"><span style=\"color: #000000;\">und werden von lizenzierten \u00dcbungsleiterinnen geleitet. <\/span><\/span><\/p>\n\n\n\n<h1 class=\"wp-block-heading has-text-align-center has-x-large-font-size\"><strong>Die Durchf\u00fchrung <br>unserer Kurse <br>erfolgt in den <br>angenehmen R\u00e4umen <br>des <a href=\"https:\/\/www.wtcsports.de\/\">WTC<\/a>.<\/strong><\/h1>\n\n\n\n<p class=\"has-text-align-center\">WTC Sport Camps<br>Isenbrockstr. 15<br>44867 Bochum<\/p>\n\n\n\n<p class=\"has-text-align-center wp-block-heading\" style=\"line-height:1.3\"><span style=\"font-size: xx-large;\">F\u00fcr die Teilnahme ist eine \u00e4rztliche Verordnung (<a href=\"http:\/\/djk-wat-rehasport.de\/wp-content\/uploads\/2020\/03\/Formular-56_Seite_1.jpg\">Formular 56<\/a>), sowie<br>die Best\u00e4tigung der Kosten\u00fcbernahme durch ihre Krankenkasse erforderlich.<br><\/span><\/p>\n\n\n\n<p class=\"has-text-align-center has-large-font-size\"><span style=\"font-size: xx-large;\"><strong>Sie m\u00f6chten gerne teilnehmen <\/strong><\/span><br><span style=\"font-size: xx-large;\"><strong>und haben Fragen? <\/strong><br><strong>Ute Winkelmann<br><\/strong><\/span><strong><span style=\"font-size: xx-large;\">Tel. 0234-4970901<\/span><\/strong><\/p>\n\n\n\n<p><\/p>\n","protected":false},"excerpt":{"rendered":"<p>Unser Verein DJK Wattenscheid e.V.Abteilung Breitensportbietet zahlreiche Kurse im REHA Sport an. Die Kurse finden w\u00f6chentlich in Gruppen statt und werden von lizenzierten \u00dcbungsleiterinnen geleitet. Die Durchf\u00fchrung unserer Kurse erfolgt in den angenehmen R\u00e4umen des WTC. WTC Sport CampsIsenbrockstr. 1544867 Bochum F\u00fcr die Teilnahme ist eine \u00e4rztliche Verordnung (Formular 56), sowiedie Best\u00e4tigung der Kosten\u00fcbernahme durch [&hellip;]<\/p>\n","protected":false},"author":1,"featured_media":0,"parent":0,"menu_order":0,"comment_status":"closed","ping_status":"open","template":"page-no-title","meta":{"footnotes":""},"class_list":["post-2","page","type-page","status-publish","hentry"],"_links":{"self":[{"href":"https:\/\/djk-wat-rehasport.de\/index.php?rest_route=\/wp\/v2\/pages\/2","targetHints":{"allow":["GET"]}}],"collection":[{"href":"https:\/\/djk-wat-rehasport.de\/index.php?rest_route=\/wp\/v2\/pages"}],"about":[{"href":"https:\/\/djk-wat-rehasport.de\/index.php?rest_route=\/wp\/v2\/types\/page"}],"author":[{"embeddable":true,"href":"https:\/\/djk-wat-rehasport.de\/index.php?rest_route=\/wp\/v2\/users\/1"}],"replies":[{"embeddable":true,"href":"https:\/\/djk-wat-rehasport.de\/index.php?rest_route=%2Fwp%2Fv2%2Fcomments&post=2"}],"version-history":[{"count":42,"href":"https:\/\/djk-wat-rehasport.de\/index.php?rest_route=\/wp\/v2\/pages\/2\/revisions"}],"predecessor-version":[{"id":179,"href":"https:\/\/djk-wat-rehasport.de\/index.php?rest_route=\/wp\/v2\/pages\/2\/revisions\/179"}],"wp:attachment":[{"href":"https:\/\/djk-wat-rehasport.de\/index.php?rest_route=%2Fwp%2Fv2%2Fmedia&parent=2"}],"curies":[{"name":"wp","href":"https:\/\/api.w.org\/{rel}","templated":true}]}}